{"id":3,"date":"2022-04-27T05:00:15","date_gmt":"2022-04-27T04:00:15","guid":{"rendered":"https:\/\/xrem.it\/it\/?page_id=3"},"modified":"2024-01-11T11:06:36","modified_gmt":"2024-01-11T10:06:36","slug":"privacy-policy-gestionale-immobiliare-xrem","status":"publish","type":"page","link":"https:\/\/xrem.it\/it\/privacy-policy-gestionale-immobiliare-xrem\/","title":{"rendered":"Privacy Policy"},"content":{"rendered":"\t\t<div data-elementor-type=\"wp-page\" data-elementor-id=\"3\" class=\"elementor elementor-3\">\n\t\t\t\t\t\t<section class=\"elementor-section elementor-top-section elementor-element elementor-element-6bca2ece elementor-section-boxed elementor-section-height-default elementor-section-height-default\" data-id=\"6bca2ece\" data-element_type=\"section\">\n\t\t\t\t\t\t<div class=\"elementor-container elementor-column-gap-default\">\n\t\t\t\t\t<div class=\"aux-parallax-section elementor-column elementor-col-100 elementor-top-column elementor-element elementor-element-4985f1ee\" data-id=\"4985f1ee\" data-element_type=\"column\">\n\t\t\t<div class=\"elementor-widget-wrap elementor-element-populated\">\n\t\t\t\t\t\t<div class=\"elementor-element elementor-element-52ea65cf elementor-widget elementor-widget-text-editor\" data-id=\"52ea65cf\" data-element_type=\"widget\" data-widget_type=\"text-editor.default\">\n\t\t\t\t<div class=\"elementor-widget-container\">\n\t\t\t\t\t\t\t<p><!-- wp:paragraph --><\/p>\n<p><strong>Informativa ai sensi dell\u2019art. 13 del Codice della Privacy<\/strong><\/p>\n<p><!-- \/wp:paragraph --><\/p>\n<p><!-- wp:paragraph --><\/p>\n<p><strong>Ai sensi dell\u2019articolo 13 del codice della D.Lgs. 196\/2003, vi rendiamo le seguenti informazioni.<\/strong><\/p>\n<p><!-- \/wp:paragraph --><\/p>\n<p><!-- wp:paragraph --><\/p>\n<p>Noi di&nbsp;<strong>Netspecial<\/strong>&nbsp;riteniamo che la privacy dei nostri visitatori sia estremamente importante. Questo documento descrive dettagliatamente i tipi di informazioni personali raccolti e registrati dal nostro sito e come essi vengano utilizzati.<\/p>\n<p><!-- \/wp:paragraph --><\/p>\n<p><!-- wp:heading {\"level\":3} --><\/p>\n<h3>FILE DI REGISTRAZIONE (LOG FILES)<\/h3>\n<p><!-- \/wp:heading --><\/p>\n<p><!-- wp:paragraph --><\/p>\n<p>Come molti altri siti web, il nostro utilizza file di log. Questi file registrano semplicemente i visitatori del sito \u2013 di solito una procedura standard delle aziende di hosting e dei servizi di analisi degli hosting.<\/p>\n<p><!-- \/wp:paragraph --><\/p>\n<p><!-- wp:paragraph --><\/p>\n<p>Le informazioni contenute nei file di registro comprendono indirizzi di protocollo Internet (IP), il tipo di browser, Internet Service Provider (ISP), informazioni come data e ora, pagine referral, pagine d\u2019uscita ed entrata o il numero di clic.<\/p>\n<p><!-- \/wp:paragraph --><\/p>\n<p><!-- wp:paragraph --><\/p>\n<p>Queste informazioni vengono utilizzate per analizzare le tendenze, amministrare il sito, monitorare il movimento degli utenti sul sito e raccogliere informazioni demografiche. Gli indirizzi IP e le altre informazioni non sono collegate a informazioni personali che possono essere identificate, dunque&nbsp;<strong>tutti i dati sono raccolti in forma assolutamente anonima<\/strong>.<\/p>\n<p><!-- \/wp:paragraph --><\/p>\n<p><!-- wp:heading {\"level\":3} --><\/p>\n<h3>QUESTO SITO WEB UTILIZZA I COOKIES<\/h3>\n<p><!-- \/wp:heading --><\/p>\n<p><!-- wp:paragraph --><\/p>\n<p>I cookies sono piccoli file di testo che vengono automaticamente posizionati sul PC del navigatore all\u2019interno del browser. Essi contengono informazioni di base sulla navigazione in Internet e grazie al browser vengono riconosciuti ogni volta che l\u2019utente visita il sito.<\/p>\n<p><!-- \/wp:paragraph --><\/p>\n<p><!-- wp:heading {\"level\":3} --><\/p>\n<h3>COOKIE POLICY<\/h3>\n<p><!-- \/wp:heading --><\/p>\n<p><!-- wp:paragraph --><\/p>\n<p>Questo sito utilizza cookies, anche di terze parti, per migliorarne l\u2019esperienza di navigazione, consentire a chi naviga di usufruire di eventuali servizi online e monitorare la navigazione nel sito.<\/p>\n<p><!-- \/wp:paragraph --><\/p>\n<p><!-- wp:heading {\"level\":3} --><\/p>\n<h3>COME DISABILITARE I COOKIES<\/h3>\n<p><!-- \/wp:heading --><\/p>\n<p><!-- wp:paragraph --><\/p>\n<p>E\u2019 possibile disabilitare i cookies direttamente dal browser utilizzato, accedendo alle impostazioni (preferenze oppure opzioni): questa scelta potrebbe limitare alcune funzionalit\u00e0 di navigazione del sito.<\/p>\n<p><!-- \/wp:paragraph --><\/p>\n<p><!-- wp:heading {\"level\":3} --><\/p>\n<h3>GESTIONE DEI COOKIES<\/h3>\n<p><!-- \/wp:heading --><\/p>\n<p><!-- wp:paragraph --><\/p>\n<p>I cookies utilizzati in questo sito possono rientrare nelle categorie descritte di seguito.<\/p>\n<p><!-- \/wp:paragraph --><\/p>\n<p><!-- wp:list --><\/p>\n<ul><!-- wp:list-item --><p><\/p>\n<li><strong>Attivit\u00e0 strettamente necessarie al funzionamento<\/strong><br>Questi cookies hanno natura tecnica e permettono al sito di funzionare correttamente. Ad esempio, mantengono l\u2019utente collegato durante la navigazione evitando che il sito richieda di collegarsi pi\u00f9 volte per accedere alle pagine successive.<\/li>\n<p><!-- \/wp:list-item --><\/p>\n<p><!-- wp:list-item --><\/p>\n<li><strong>Attivit\u00e0 di salvataggio delle preferenze<br><\/strong>Questi cookie permettono di ricordare le preferenze selezionate dall\u2019utente durante la navigazione, ad esempio, consentono di impostare la lingua.<\/li>\n<p><!-- \/wp:list-item --><\/p>\n<p><!-- wp:list-item --><\/p>\n<li><strong>Attivit\u00e0 Statistiche e di Misurazione dell\u2019audience (es: Google Analytics)<br><\/strong>Questi cookie ci aiutano a capire, attraverso dati raccolti in forma anonima e aggregata, come gli utenti interagiscono con i siti internet fornendo informazioni relative alle sezioni visitate, il tempo trascorso sul sito, eventuali malfunzionamenti. Questo aiuta a migliorare la resa dei siti internet.<\/li>\n<p><!-- \/wp:list-item --><\/p>\n<p><!-- wp:list-item --><\/p>\n<li><strong>Cookie di social media (es: Facebook)<br><\/strong>Questi cookie di terza parte vengono utilizzati per integrare alcune diffuse funzionalit\u00e0 dei principali social media e fornirle all\u2019interno del sito. In particolare permettono la registrazione e l\u2019autenticazione sul sito tramite facebook e google connect, la condivisione e i commenti di pagine del sito sui social, abilitano le funzionalit\u00e0 del \u201cmi piace\u201d su Facebook e del \u201c+1\u2033 su G+.<\/li>\n<p><!-- \/wp:list-item --><\/p>\n<\/ul>\n<p><!-- \/wp:list --><\/p>\n<p><!-- wp:heading {\"level\":3} --><\/p>\n<h3>FORNITORI DI TERZE PARTI<\/h3>\n<p><!-- \/wp:heading --><\/p>\n<p><!-- wp:paragraph --><\/p>\n<p>I fornitori di terze parti, tra cui Google, utilizzano cookie per pubblicare annunci in base alle precedenti visite di un utente su questo sito.<\/p>\n<p><!-- \/wp:paragraph --><\/p>\n<p><!-- wp:paragraph --><\/p>\n<p>L\u2019utilizzo dei cookie per la pubblicit\u00e0 consente a Google e ai suoi partner di pubblicare annunci per gli utenti di questo sito (e su altri siti) in base ai dati statistici raccolti su questo sito e sui siti web dei partner Google.<\/p>\n<p><!-- \/wp:paragraph --><\/p>\n<p><!-- wp:paragraph --><\/p>\n<p>Gli utenti possono scegliere di disattivare la pubblicit\u00e0 personalizzata, visitando la pagina&nbsp;<a href=\"https:\/\/www.google.com\/settings\/ads\" target=\"_blank\" rel=\"noreferrer noopener\">Impostazioni annunci<\/a>.<\/p>\n<p><!-- \/wp:paragraph --><\/p>\n<p><!-- wp:heading {\"level\":3} --><\/p>\n<h3>I NOSTRI PARTNER PUBBLICITARI<\/h3>\n<p><!-- \/wp:heading --><\/p>\n<p><!-- wp:paragraph --><\/p>\n<p>Alcuni dei nostri partner pubblicitari possono utilizzare i cookies sul nostro sito per raccogliere dati sulla navigazione degli utenti in forma anonima. Tra i nostri partner pubblicitari figurano:<\/p>\n<p><!-- \/wp:paragraph --><\/p>\n<p><!-- wp:list --><\/p>\n<ul><!-- wp:list-item --><p><\/p>\n<li>Facebook<\/li>\n<p><!-- \/wp:list-item --><\/p>\n<p><!-- wp:list-item --><\/p>\n<li>Google<\/li>\n<p><!-- \/wp:list-item --><\/p>\n<p><!-- wp:list-item --><\/p>\n<li>Linkedin<\/li>\n<p><!-- \/wp:list-item --><\/p>\n<\/ul>\n<p><!-- \/wp:list --><\/p>\n<p><!-- wp:paragraph --><\/p>\n<p>Gli annunci dei fornitori terze parti gestiscono reti pubblicitarie che utilizzano la tecnologia dei cookies nei rispettivi annunci e nei link che appaiono sul nostro sito. Gli annunci vengono cos\u00ec inviati direttamente al tuo browser. Riceveranno automaticamente il tuo indirizzo IP. Altre tecnologie (come i cookie o JavaScript) possono anche essere utilizzati dalle reti pubblicitarie di terze parti del nostro sito per misurare l\u2019efficacia delle loro campagne pubblicitarie e\/o personalizzare i contenuti pubblicitari che vedete sul sito.<\/p>\n<p><!-- \/wp:paragraph --><\/p>\n<p><!-- wp:paragraph --><\/p>\n<p>Il nostro sito non ha accesso o non controlla questi cookie utilizzati da inserzionisti di terze parti.<\/p>\n<p><!-- \/wp:paragraph --><\/p>\n<p><!-- wp:heading {\"level\":3} --><\/p>\n<h3>NORME SULLA PRIVACY DI TERZE PARTI<\/h3>\n<p><!-- \/wp:heading --><\/p>\n<p><!-- wp:paragraph --><\/p>\n<p>\u00c8 necessario consultare le rispettive norme sulla privacy di questi server di terze parti per ulteriori informazioni sulle loro pratiche e per istruzioni su come disattivare alcune pratiche.<\/p>\n<p><!-- \/wp:paragraph --><\/p>\n<p><!-- wp:paragraph --><\/p>\n<p>La nostra politica sulla privacy non si applica ai fornitori di terze parti ed ai partner pubblicitari, e non possiamo controllare le attivit\u00e0 di tali altri inserzionisti o siti web.<\/p>\n<p><!-- \/wp:paragraph --><\/p>\n<p><!-- wp:paragraph --><\/p>\n<p>Se desideri disattivare i cookie, puoi farlo attraverso le tue singole opzioni del browser. Ulteriori informazioni sulla gestione dei cookie con browser web specifico possono essere trovati nei rispettivi siti web dei browser<\/p>\n<p><!-- \/wp:paragraph --><\/p>\n<p><!-- wp:heading {\"level\":3} --><\/p>\n<h3>FINALIT\u00c0 DEL TRATTAMENTO<\/h3>\n<p><!-- \/wp:heading --><\/p>\n<p><!-- wp:paragraph --><\/p>\n<p>I dati possono essere raccolti per una o pi\u00f9 delle seguenti finalit\u00e0:<\/p>\n<p><!-- \/wp:paragraph --><\/p>\n<p><!-- wp:list --><\/p>\n<ul><!-- wp:list-item --><p><\/p>\n<li>fornire l\u2019accesso ad aree riservate del Portale e di Portali\/siti collegati con il presente e all\u2019invio di comunicazioni anche di carattere commerciale, notizie, aggiornamenti sulle iniziative di questo sito e delle societ\u00e0 da essa controllate e\/o collegate e\/o Sponsor.<\/li>\n<p><!-- \/wp:list-item --><\/p>\n<p><!-- wp:list-item --><\/p>\n<li>eventuale cessione a terzi dei suddetti dati, sempre finalizzata alla realizzazione di campagne di email marketing ed all\u2019invio di comunicazioni di carattere commerciale.<\/li>\n<p><!-- \/wp:list-item --><\/p>\n<p><!-- wp:list-item --><\/p>\n<li>eseguire gli obblighi previsti da leggi o regolamenti;<\/li>\n<p><!-- \/wp:list-item --><\/p>\n<p><!-- wp:list-item --><\/p>\n<li>gestione contatti;<\/li>\n<p><!-- \/wp:list-item --><\/p>\n<\/ul>\n<p><!-- \/wp:list --><\/p>\n<p><!-- wp:heading {\"level\":3} --><\/p>\n<h3>MODALIT\u00c0 DEL TRATTAMENTO<\/h3>\n<p><!-- \/wp:heading --><\/p>\n<p><!-- wp:paragraph --><\/p>\n<p>I dati verranno trattati con le seguenti modalit\u00e0:<\/p>\n<p><!-- \/wp:paragraph --><\/p>\n<p><!-- wp:list --><\/p>\n<ul><!-- wp:list-item --><p><\/p>\n<li>raccolta dati con modalit\u00e0 single-opt, in apposito database;<\/li>\n<p><!-- \/wp:list-item --><\/p>\n<p><!-- wp:list-item --><\/p>\n<li>registrazione ed elaborazione su supporto cartaceo e\/o magnetico;<\/li>\n<p><!-- \/wp:list-item --><\/p>\n<p><!-- wp:list-item --><\/p>\n<li>organizzazione degli archivi in forma prevalentemente automatizzata, ai sensi del Disciplinare Tecnico in materia di misure minime di sicurezza, Allegato B del Codice della Privacy.<\/li>\n<p><!-- \/wp:list-item --><\/p>\n<\/ul>\n<p><!-- \/wp:list --><\/p>\n<p><!-- wp:heading {\"level\":3} --><\/p>\n<h3>NATURA OBBLIGATORIA<\/h3>\n<p><!-- \/wp:heading --><\/p>\n<p><!-- wp:paragraph --><\/p>\n<p>Tutti i dati richiesti sono obbligatori.<\/p>\n<p><!-- \/wp:paragraph --><\/p>\n<p><!-- wp:heading {\"level\":3} --><\/p>\n<h3>DIRITTI DELL\u2019INTERESSATO<\/h3>\n<p><!-- \/wp:heading --><\/p>\n<p><!-- wp:paragraph --><\/p>\n<p>Ai sensi ai sensi dell\u2019art. 7 (Diritto di accesso ai dati personali ed altri diritti) del Codice della Privacy, vi segnaliamo che i vostri diritti in ordine al trattamento dei dati sono:<\/p>\n<p><!-- \/wp:paragraph --><\/p>\n<p><!-- wp:list --><\/p>\n<ul><!-- wp:list-item --><p><\/p>\n<li>conoscere, mediante accesso gratuito l\u2019esistenza di trattamenti di dati che possano riguardarvi;<\/li>\n<p><!-- \/wp:list-item --><\/p>\n<p><!-- wp:list-item --><\/p>\n<li>essere informati sulla natura e sulle finalit\u00e0 del trattamento<\/li>\n<p><!-- \/wp:list-item --><\/p>\n<p><!-- wp:list-item --><\/p>\n<li>ottenere a cura del titolare, senza ritardo:<!-- wp:list -->\n<ul><!-- wp:list-item --><p><\/p>\n<li>la conferma dell\u2019esistenza o meno di dati personali che vi riguardano, anche se non ancora registrati, e la comunicazione in forma intellegibile dei medesimi dati e della loro origine, nonch\u00e9 della logica e delle finalit\u00e0 su cui si basa il trattamento; la richiesta pu\u00f2 essere rinnovata, salva l\u2019esistenza di giustificati motivi, con intervallo non minore di novanta giorni;<\/li>\n<p><!-- \/wp:list-item --><\/p>\n<p><!-- wp:list-item --><\/p>\n<li>la cancellazione, la trasformazione in forma anonima o il blocco dei dati trattati in violazione di legge, compresi quelli di cui non \u00e8 necessaria la conservazione in relazione agli scopi per i quali i dati sono stati raccolti o successivamente trattati;<\/li>\n<p><!-- \/wp:list-item --><\/p>\n<p><!-- wp:list-item --><\/p>\n<li>l\u2019aggiornamento, la rettifica ovvero, qualora vi abbia interesse, l\u2019integrazione dei dati esistenti;<\/li>\n<p><!-- \/wp:list-item --><\/p>\n<p><!-- wp:list-item --><\/p>\n<li>opporvi in tutto o in parte per motivi legittimi al trattamento dei dati personali che vi riguardano ancorch\u00e9 pertinenti allo scopo della raccolta;<\/li>\n<p><!-- \/wp:list-item --><\/p>\n<\/ul>\n<p><!-- \/wp:list --><\/p>\n<\/li>\n<p><!-- \/wp:list-item --><\/p>\n<\/ul>\n<p><!-- \/wp:list --><\/p>\n<p><!-- wp:paragraph --><\/p>\n<p>Vi segnaliamo che il titolare del trattamento ad ogni effetto di legge \u00e8:<\/p>\n<p><!-- \/wp:paragraph --><\/p>\n<p><!-- wp:list --><\/p>\n<ul><!-- wp:list-item --><p><\/p>\n<li><strong>Netspecial s.r.l.<br><\/strong><\/li>\n<p><!-- \/wp:list-item --><\/p>\n<p><!-- wp:list-item --><\/p>\n<li>P. IVA <span>13169540963<\/span><\/li>\n<p><!-- \/wp:list-item --><\/p>\n<p><!-- wp:list-item --><\/p>\n<li>Via Gorizia 34<br><\/li>\n<p><!-- \/wp:list-item --><\/p>\n<p><!-- wp:list-item --><\/p>\n<li>20014 \u2013 Nerviano(MI)<\/li>\n<p><!-- \/wp:list-item --><\/p>\n<p><!-- wp:list-item --><\/p>\n<li>Tel.: 0200619303<\/li>\n<p><!-- \/wp:list-item --><\/p>\n<p><!-- wp:list-item --><\/p>\n<li>E-mail: info@netspecial.it<\/li>\n<p><!-- \/wp:list-item --><\/p>\n<\/ul>\n<p><!-- \/wp:list --><\/p>\n<p><!-- wp:paragraph --><\/p>\n<p>Per esercitare i diritti previsti all\u2019art. 7 del Codice della Privacy ovvero per la cancellazione dei vostri dati dall\u2019archivio, \u00e8 sufficiente contattarci attraverso uno dei canali messi a disposizione. Tutti i dati sono protetti attraverso l\u2019uso di antivirus, firewall e protezione attraverso password.<\/p>\n<p><!-- \/wp:paragraph --><\/p>\n<p><!-- wp:heading {\"level\":3} --><\/p>\n<h3>CONSENSO<\/h3>\n<p><!-- \/wp:heading --><\/p>\n<p><!-- wp:paragraph --><\/p>\n<p>Usando il nostro sito web, acconsenti alla nostra politica sulla privacy e accetti i suoi termini. Se desideri ulteriori informazioni o hai domande sulla nostra politica sulla privacy non esitare a contattarci.<\/p>\n<p><!-- \/wp:paragraph --><\/p>\t\t\t\t\t\t<\/div>\n\t\t\t\t<\/div>\n\t\t\t\t\t<\/div>\n\t\t<\/div>\n\t\t\t\t\t<\/div>\n\t\t<\/section>\n\t\t\t\t<\/div>\n\t\t","protected":false},"excerpt":{"rendered":"<p>Informativa ai sensi dell\u2019art. 13 del Codice della Privacy Ai sensi dell\u2019articolo 13 del codice della D.Lgs. 196\/2003, vi rendiamo le seguenti informazioni. Noi di&nbsp;Netspecial&nbsp;riteniamo che la privacy dei nostri visitatori sia estremamente importante. Questo documento descrive dettagliatamente i tipi di informazioni personali raccolti e registrati dal nostro sito e come essi vengano utilizzati. FILE [&hellip;]<\/p>\n","protected":false},"author":1,"featured_media":0,"parent":0,"menu_order":0,"comment_status":"closed","ping_status":"closed","template":"elementor_canvas","meta":{"footnotes":""},"class_list":["post-3","page","type-page","status-publish","hentry"],"yoast_head":"<!-- This site is optimized with the Yoast SEO plugin v23.4 - https:\/\/yoast.com\/wordpress\/plugins\/seo\/ -->\n<title>Privacy Policy - Gestionale immobiliare XREM<\/title>\n<meta name=\"description\" content=\"Privacy policy gestionale immobiliare XREM. Ai sensi dell\u2019articolo 13 del codice della D.Lgs. 196\/2003. Leggi tutte le informazioni.\" \/>\n<meta name=\"robots\" content=\"index, follow, max-snippet:-1, max-image-preview:large, max-video-preview:-1\" \/>\n<link rel=\"canonical\" href=\"https:\/\/xrem.it\/it\/privacy-policy-gestionale-immobiliare-xrem\/\" \/>\n<meta property=\"og:locale\" content=\"it_IT\" \/>\n<meta property=\"og:type\" content=\"article\" \/>\n<meta property=\"og:title\" content=\"Privacy Policy - Gestionale immobiliare XREM\" \/>\n<meta property=\"og:description\" content=\"Privacy policy gestionale immobiliare XREM. Ai sensi dell\u2019articolo 13 del codice della D.Lgs. 196\/2003. Leggi tutte le informazioni.\" \/>\n<meta property=\"og:url\" content=\"https:\/\/xrem.it\/it\/privacy-policy-gestionale-immobiliare-xrem\/\" \/>\n<meta property=\"og:site_name\" content=\"Gestionale immobiliare XREM\" \/>\n<meta property=\"article:publisher\" content=\"https:\/\/www.facebook.com\/xrem.gestionale.immobiliare\" \/>\n<meta property=\"article:modified_time\" content=\"2024-01-11T10:06:36+00:00\" \/>\n<meta name=\"twitter:card\" content=\"summary_large_image\" \/>\n<meta name=\"twitter:label1\" content=\"Tempo di lettura stimato\" \/>\n\t<meta name=\"twitter:data1\" content=\"7 minuti\" \/>\n<script type=\"application\/ld+json\" class=\"yoast-schema-graph\">{\"@context\":\"https:\/\/schema.org\",\"@graph\":[{\"@type\":\"WebPage\",\"@id\":\"https:\/\/xrem.it\/it\/privacy-policy-gestionale-immobiliare-xrem\/\",\"url\":\"https:\/\/xrem.it\/it\/privacy-policy-gestionale-immobiliare-xrem\/\",\"name\":\"Privacy Policy - Gestionale immobiliare XREM\",\"isPartOf\":{\"@id\":\"https:\/\/xrem.it\/it\/#website\"},\"datePublished\":\"2022-04-27T04:00:15+00:00\",\"dateModified\":\"2024-01-11T10:06:36+00:00\",\"description\":\"Privacy policy gestionale immobiliare XREM. Ai sensi dell\u2019articolo 13 del codice della D.Lgs. 196\/2003. Leggi tutte le informazioni.\",\"breadcrumb\":{\"@id\":\"https:\/\/xrem.it\/it\/privacy-policy-gestionale-immobiliare-xrem\/#breadcrumb\"},\"inLanguage\":\"it-IT\",\"potentialAction\":[{\"@type\":\"ReadAction\",\"target\":[\"https:\/\/xrem.it\/it\/privacy-policy-gestionale-immobiliare-xrem\/\"]}]},{\"@type\":\"BreadcrumbList\",\"@id\":\"https:\/\/xrem.it\/it\/privacy-policy-gestionale-immobiliare-xrem\/#breadcrumb\",\"itemListElement\":[{\"@type\":\"ListItem\",\"position\":1,\"name\":\"Home\",\"item\":\"https:\/\/xrem.it\/it\/\"},{\"@type\":\"ListItem\",\"position\":2,\"name\":\"Privacy Policy\"}]},{\"@type\":\"WebSite\",\"@id\":\"https:\/\/xrem.it\/it\/#website\",\"url\":\"https:\/\/xrem.it\/it\/\",\"name\":\"Gestionale immobiliare XREM\",\"description\":\"Gestione e Marketing per agenzie immobiliari\",\"publisher\":{\"@id\":\"https:\/\/xrem.it\/it\/#organization\"},\"potentialAction\":[{\"@type\":\"SearchAction\",\"target\":{\"@type\":\"EntryPoint\",\"urlTemplate\":\"https:\/\/xrem.it\/it\/?s={search_term_string}\"},\"query-input\":{\"@type\":\"PropertyValueSpecification\",\"valueRequired\":true,\"valueName\":\"search_term_string\"}}],\"inLanguage\":\"it-IT\"},{\"@type\":\"Organization\",\"@id\":\"https:\/\/xrem.it\/it\/#organization\",\"name\":\"Gestionale immobiliare XREM\",\"url\":\"https:\/\/xrem.it\/it\/\",\"logo\":{\"@type\":\"ImageObject\",\"inLanguage\":\"it-IT\",\"@id\":\"https:\/\/xrem.it\/it\/#\/schema\/logo\/image\/\",\"url\":\"https:\/\/xrem.it\/it\/wp-content\/uploads\/2022\/04\/logoXREM-300.png\",\"contentUrl\":\"https:\/\/xrem.it\/it\/wp-content\/uploads\/2022\/04\/logoXREM-300.png\",\"width\":300,\"height\":98,\"caption\":\"Gestionale immobiliare XREM\"},\"image\":{\"@id\":\"https:\/\/xrem.it\/it\/#\/schema\/logo\/image\/\"},\"sameAs\":[\"https:\/\/www.facebook.com\/xrem.gestionale.immobiliare\",\"https:\/\/www.youtube.com\/channel\/UCGJjYPuruLAkCeww90gE14A\"]}]}<\/script>\n<!-- \/ Yoast SEO plugin. -->","yoast_head_json":{"title":"Privacy Policy - Gestionale immobiliare XREM","description":"Privacy policy gestionale immobiliare XREM. Ai sensi dell\u2019articolo 13 del codice della D.Lgs. 196\/2003. Leggi tutte le informazioni.","robots":{"index":"index","follow":"follow","max-snippet":"max-snippet:-1","max-image-preview":"max-image-preview:large","max-video-preview":"max-video-preview:-1"},"canonical":"https:\/\/xrem.it\/it\/privacy-policy-gestionale-immobiliare-xrem\/","og_locale":"it_IT","og_type":"article","og_title":"Privacy Policy - Gestionale immobiliare XREM","og_description":"Privacy policy gestionale immobiliare XREM. Ai sensi dell\u2019articolo 13 del codice della D.Lgs. 196\/2003. Leggi tutte le informazioni.","og_url":"https:\/\/xrem.it\/it\/privacy-policy-gestionale-immobiliare-xrem\/","og_site_name":"Gestionale immobiliare XREM","article_publisher":"https:\/\/www.facebook.com\/xrem.gestionale.immobiliare","article_modified_time":"2024-01-11T10:06:36+00:00","twitter_card":"summary_large_image","twitter_misc":{"Tempo di lettura stimato":"7 minuti"},"schema":{"@context":"https:\/\/schema.org","@graph":[{"@type":"WebPage","@id":"https:\/\/xrem.it\/it\/privacy-policy-gestionale-immobiliare-xrem\/","url":"https:\/\/xrem.it\/it\/privacy-policy-gestionale-immobiliare-xrem\/","name":"Privacy Policy - Gestionale immobiliare XREM","isPartOf":{"@id":"https:\/\/xrem.it\/it\/#website"},"datePublished":"2022-04-27T04:00:15+00:00","dateModified":"2024-01-11T10:06:36+00:00","description":"Privacy policy gestionale immobiliare XREM. Ai sensi dell\u2019articolo 13 del codice della D.Lgs. 196\/2003. Leggi tutte le informazioni.","breadcrumb":{"@id":"https:\/\/xrem.it\/it\/privacy-policy-gestionale-immobiliare-xrem\/#breadcrumb"},"inLanguage":"it-IT","potentialAction":[{"@type":"ReadAction","target":["https:\/\/xrem.it\/it\/privacy-policy-gestionale-immobiliare-xrem\/"]}]},{"@type":"BreadcrumbList","@id":"https:\/\/xrem.it\/it\/privacy-policy-gestionale-immobiliare-xrem\/#breadcrumb","itemListElement":[{"@type":"ListItem","position":1,"name":"Home","item":"https:\/\/xrem.it\/it\/"},{"@type":"ListItem","position":2,"name":"Privacy Policy"}]},{"@type":"WebSite","@id":"https:\/\/xrem.it\/it\/#website","url":"https:\/\/xrem.it\/it\/","name":"Gestionale immobiliare XREM","description":"Gestione e Marketing per agenzie immobiliari","publisher":{"@id":"https:\/\/xrem.it\/it\/#organization"},"potentialAction":[{"@type":"SearchAction","target":{"@type":"EntryPoint","urlTemplate":"https:\/\/xrem.it\/it\/?s={search_term_string}"},"query-input":{"@type":"PropertyValueSpecification","valueRequired":true,"valueName":"search_term_string"}}],"inLanguage":"it-IT"},{"@type":"Organization","@id":"https:\/\/xrem.it\/it\/#organization","name":"Gestionale immobiliare XREM","url":"https:\/\/xrem.it\/it\/","logo":{"@type":"ImageObject","inLanguage":"it-IT","@id":"https:\/\/xrem.it\/it\/#\/schema\/logo\/image\/","url":"https:\/\/xrem.it\/it\/wp-content\/uploads\/2022\/04\/logoXREM-300.png","contentUrl":"https:\/\/xrem.it\/it\/wp-content\/uploads\/2022\/04\/logoXREM-300.png","width":300,"height":98,"caption":"Gestionale immobiliare XREM"},"image":{"@id":"https:\/\/xrem.it\/it\/#\/schema\/logo\/image\/"},"sameAs":["https:\/\/www.facebook.com\/xrem.gestionale.immobiliare","https:\/\/www.youtube.com\/channel\/UCGJjYPuruLAkCeww90gE14A"]}]}},"jetpack_sharing_enabled":true,"_links":{"self":[{"href":"https:\/\/xrem.it\/it\/wp-json\/wp\/v2\/pages\/3","targetHints":{"allow":["GET"]}}],"collection":[{"href":"https:\/\/xrem.it\/it\/wp-json\/wp\/v2\/pages"}],"about":[{"href":"https:\/\/xrem.it\/it\/wp-json\/wp\/v2\/types\/page"}],"author":[{"embeddable":true,"href":"https:\/\/xrem.it\/it\/wp-json\/wp\/v2\/users\/1"}],"replies":[{"embeddable":true,"href":"https:\/\/xrem.it\/it\/wp-json\/wp\/v2\/comments?post=3"}],"version-history":[{"count":7,"href":"https:\/\/xrem.it\/it\/wp-json\/wp\/v2\/pages\/3\/revisions"}],"predecessor-version":[{"id":6087,"href":"https:\/\/xrem.it\/it\/wp-json\/wp\/v2\/pages\/3\/revisions\/6087"}],"wp:attachment":[{"href":"https:\/\/xrem.it\/it\/wp-json\/wp\/v2\/media?parent=3"}],"curies":[{"name":"wp","href":"https:\/\/api.w.org\/{rel}","templated":true}]}}