{"id":4858,"date":"2022-11-11T12:07:43","date_gmt":"2022-11-11T11:07:43","guid":{"rendered":"https:\/\/xrem.it\/it\/?page_id=4858"},"modified":"2023-03-03T21:05:18","modified_gmt":"2023-03-03T20:05:18","slug":"blog-gestionale-immobiliare","status":"publish","type":"page","link":"https:\/\/xrem.it\/it\/blog-gestionale-immobiliare\/","title":{"rendered":"Blog gestionale immobiliare"},"content":{"rendered":"\t\t<div data-elementor-type=\"wp-page\" data-elementor-id=\"4858\" class=\"elementor elementor-4858\">\n\t\t\t\t\t\t<section class=\"elementor-section elementor-top-section elementor-element elementor-element-df60541 elementor-section-full_width elementor-section-height-default elementor-section-height-default\" data-id=\"df60541\" data-element_type=\"section\" data-settings=\"{&quot;background_background&quot;:&quot;classic&quot;}\">\n\t\t\t\t\t\t\t<div class=\"elementor-background-overlay\"><\/div>\n\t\t\t\t\t\t\t<div class=\"elementor-container elementor-column-gap-no\">\n\t\t\t\t\t<div class=\"aux-parallax-section elementor-column elementor-col-100 elementor-top-column elementor-element elementor-element-a39d98a\" data-id=\"a39d98a\" data-element_type=\"column\">\n\t\t\t<div class=\"elementor-widget-wrap elementor-element-populated\">\n\t\t\t\t\t\t<section class=\"elementor-section elementor-inner-section elementor-element elementor-element-fa7a8bd elementor-section-content-middle elementor-section-boxed elementor-section-height-default elementor-section-height-default\" data-id=\"fa7a8bd\" data-element_type=\"section\">\n\t\t\t\t\t\t<div class=\"elementor-container elementor-column-gap-no\">\n\t\t\t\t\t<div class=\"aux-parallax-section elementor-column elementor-col-100 elementor-inner-column elementor-element elementor-element-1a5577a\" data-id=\"1a5577a\" data-element_type=\"column\">\n\t\t\t<div class=\"elementor-widget-wrap elementor-element-populated\">\n\t\t\t\t\t\t<div class=\"elementor-element elementor-element-b8c8418 aux-appear-watch-animation aux-scale-down elementor-widget elementor-widget-aux_modern_heading\" data-id=\"b8c8418\" data-element_type=\"widget\" data-widget_type=\"aux_modern_heading.default\">\n\t\t\t\t<div class=\"elementor-widget-container\">\n\t\t\t<section class=\"aux-widget-modern-heading\">\n            <div class=\"aux-widget-inner\"><h5 class=\"aux-modern-heading-primary\">Blog gestionale immobiliare XREM<\/h5><\/div>\n        <\/section>\t\t<\/div>\n\t\t\t\t<\/div>\n\t\t\t\t\t<\/div>\n\t\t<\/div>\n\t\t\t\t\t<\/div>\n\t\t<\/section>\n\t\t\t\t<section class=\"elementor-section elementor-inner-section elementor-element elementor-element-0091f07 elementor-section-boxed elementor-section-height-default elementor-section-height-default\" data-id=\"0091f07\" data-element_type=\"section\">\n\t\t\t\t\t\t<div class=\"elementor-container elementor-column-gap-default\">\n\t\t\t\t\t<div class=\"aux-parallax-section elementor-column elementor-col-100 elementor-inner-column elementor-element elementor-element-7da07d4\" data-id=\"7da07d4\" data-element_type=\"column\" data-settings=\"{&quot;background_background&quot;:&quot;classic&quot;}\">\n\t\t\t<div class=\"elementor-widget-wrap elementor-element-populated\">\n\t\t\t\t\t\t<div class=\"elementor-element elementor-element-a5a3f6d elementor-widget elementor-widget-tfposts\" data-id=\"a5a3f6d\" data-element_type=\"widget\" data-widget_type=\"tfposts.default\">\n\t\t\t\t<div class=\"elementor-widget-container\">\n\t\t\t\t\t<div id=\"tf-posts-a5a3f6d\" class=\"tf-posts-a5a3f6d tf-posts-wrap     no-arrow no-bullets  featured-post-  \" data-tabid=\"a5a3f6d\" data-class_id=\"tf-posts-a5a3f6d\" data-loop=\"\" data-auto=\"\" data-column=\"\" data-column2=\"\" data-column3=\"\" data-spacer=\"\" data-prev_icon=\"\" data-next_icon=\"\" >\t\t\t\r\n\t\t\t<div class=\"tf-posts  list\">\t\r\n\t\t\t\t\t\t\t\t\t\t\r\n\t\t\t\t\t\t\t\t<div class=\"column\">\r\n\t\t\t\t\t<div class=\"entry blog-post\">\r\n\t\t\t\t\t\t\t\t\t\t\t\t\t\t<div class=\"featured-post\">\r\n\t\t\t\t\t\t\t\t\t<img decoding=\"async\" src=\"https:\/\/i0.wp.com\/xrem.it\/it\/wp-content\/uploads\/2025\/05\/XREM-Marketing-digitale-via-Email-e-WhatsApp.jpg?fit=1024%2C1024&ssl=1\" alt=\"image\">\t\t\t\t\t\t\t\t\t\t\t\t\t\t\t\t\t\t<a href=\"https:\/\/xrem.it\/it\/marketing-digitale-via-email-o-whatsapp-qual-e-la-strategia-giusta-per-acquisire-nuovi-incarichi\/\" class=\"overlay\">\r\n\t\t\t\t\t\t\t\t\t\t<i class=\"\" aria-hidden=\"true\"><\/i>\t\t\t\t\t\t\t\t\t<\/a>\r\n\t\t\t\t\t\t\t\t\t\t\t\t\t\t\t\t\t\t\r\n\t\t\t\t\t\t\t\t<\/div>\r\n\t\t\t\t\t\t\t\t\t\t\t\t\t\t<div class=\"content\">\r\n\t\t\t\t\t\t\t\t\t\t\t\t\t\t\t\t\t\t\t\t\t\t\t\t\t\t\t<ul class=\"post-meta\">\r\n\t\t\t\t\t\t\t\t\t\t\t\r\n\t\t\t\t\t\t\t\t\t\t\t\t\t\t\t\t\t\t\t\t\t\t<li class=\"post-category\"><a href=\"https:\/\/xrem.it\/it\/category\/gestionale-immobiliare\/\" rel=\"category tag\">Gestionale immobiliare<\/a>, <a href=\"https:\/\/xrem.it\/it\/category\/marketing\/\" rel=\"category tag\">Marketing<\/a><\/li>\r\n\t\t\t\t\t\t\t\t\t\t\t\r\n\t\t\t\t\t\t\t\t\t\t\t\t\t\t\t\t\t\t\t\t\t\t<li class=\"post-date\">\r\n\t\t\t\t\t\t\t\t\t\t\t\t\t\t\t\t\t\t\t\t\t\t\t\t\t\t\t\t\t\t\t\t\t\t\t\t<a href=\"https:\/\/xrem.it\/it\/2025\/05\/30\/\">Maggio 30, 2025<\/a>\r\n\r\n\t\t\t\t\t\t\t\t\t\t\t<\/li>\t\t\t\t\t\t\t\t\t\t\r\n\t\t\t\t\t\t\t\t\t\t\t\r\n\t\t\t\t\t\t\t\t\t\t\t\t\t\t\t\t\t\t\t\t\t<\/ul>\r\n\t\t\t\t\t\t\t\t\t\t\t\t\t\t\t\r\n\t\t\t\t\t\t\t\t\r\n\t\t\t\t\t\t\t\t\t\t\t\t\t\t\t\t\t<h2 class=\"title\"><a href=\"https:\/\/xrem.it\/it\/marketing-digitale-via-email-o-whatsapp-qual-e-la-strategia-giusta-per-acquisire-nuovi-incarichi\/\" title=\"Marketing digitale via Email o WhatsApp: qual \u00e8 la strategia giusta per acquisire nuovi incarichi?\">Marketing digitale via Email o WhatsApp: qual \u00e8 la strategia giusta per acquisire nuovi incarichi?<\/a><\/h2>\r\n\t\t\t\t\t\t\t\t\r\n\t\t\t\t\t\t\t\t\t\t\t\t\t\t\t\t\t\t\t\t\t\t\t\r\n\t\t\t\t\t\t\t\t\r\n\t\t\t\t\t\t\t\t\t\t\t\t\t\t\t\t\t<div class=\"content-post\">Nel panorama immobiliare e dei servizi professionali, acquisire nuovi incarichi \u00e8 sempre pi\u00f9 una questione di relazioni dirette e comunicazione personalizzata. In questo contesto, il marketing digitale tramite email e&hellip;<\/div>\r\n\t\t\t\t\t\t\t\t\t\t\t\t\t\t\t\t\r\n\t\t\t\t\t\t\t\t\t\t\t\t\t\t\t\t\t<div class=\"tf-button-container \">\r\n\t\t\t\t\t\t\t\t\t\t<a href=\"https:\/\/xrem.it\/it\/marketing-digitale-via-email-o-whatsapp-qual-e-la-strategia-giusta-per-acquisire-nuovi-incarichi\/\" class=\"tf-button bt_icon_after\">\r\n\t\t\t\t\t\t\t\t\t\t\tContinua a leggere<i class=\"fas fa-angle-double-right\" aria-hidden=\"true\"><\/i> \r\n\t\t\t\t\t\t\t\t\t\t<\/a>\r\n\t\t\t\t\t\t\t\t\t<\/div>\r\n\t\t\t\t\t\t\t\t\t\t\t\t\t\t\r\n\t\t\t\t\t\t\t<\/div>\r\n\t\t\t\t\t\t\t\t\t\t\t\t\t\r\n\t\t\t\t\t<\/div>\r\n\t\t\t\t<\/div>\r\n\t\t\t\t\t\t\t\t<div class=\"column\">\r\n\t\t\t\t\t<div class=\"entry blog-post\">\r\n\t\t\t\t\t\t\t\t\t\t\t\t\t\t<div class=\"featured-post\">\r\n\t\t\t\t\t\t\t\t\t<img decoding=\"async\" src=\"https:\/\/i0.wp.com\/xrem.it\/it\/wp-content\/uploads\/2023\/11\/xrem-statistiche-newsletter.jpg?fit=1024%2C768&ssl=1\" alt=\"image\">\t\t\t\t\t\t\t\t\t\t\t\t\t\t\t\t\t\t<a href=\"https:\/\/xrem.it\/it\/vuoi-sapere-chi-ha-letto-la-tua-newsletter\/\" class=\"overlay\">\r\n\t\t\t\t\t\t\t\t\t\t<i class=\"\" aria-hidden=\"true\"><\/i>\t\t\t\t\t\t\t\t\t<\/a>\r\n\t\t\t\t\t\t\t\t\t\t\t\t\t\t\t\t\t\t\r\n\t\t\t\t\t\t\t\t<\/div>\r\n\t\t\t\t\t\t\t\t\t\t\t\t\t\t<div class=\"content\">\r\n\t\t\t\t\t\t\t\t\t\t\t\t\t\t\t\t\t\t\t\t\t\t\t\t\t\t\t<ul class=\"post-meta\">\r\n\t\t\t\t\t\t\t\t\t\t\t\r\n\t\t\t\t\t\t\t\t\t\t\t\t\t\t\t\t\t\t\t\t\t\t<li class=\"post-category\"><a href=\"https:\/\/xrem.it\/it\/category\/gestionale-immobiliare\/\" rel=\"category tag\">Gestionale immobiliare<\/a>, <a href=\"https:\/\/xrem.it\/it\/category\/marketing\/\" rel=\"category tag\">Marketing<\/a>, <a href=\"https:\/\/xrem.it\/it\/category\/nuove-funzionalita\/\" rel=\"category tag\">Nuove funzionalit\u00e0<\/a><\/li>\r\n\t\t\t\t\t\t\t\t\t\t\t\r\n\t\t\t\t\t\t\t\t\t\t\t\t\t\t\t\t\t\t\t\t\t\t<li class=\"post-date\">\r\n\t\t\t\t\t\t\t\t\t\t\t\t\t\t\t\t\t\t\t\t\t\t\t\t\t\t\t\t\t\t\t\t\t\t\t\t<a href=\"https:\/\/xrem.it\/it\/2023\/11\/22\/\">Novembre 22, 2023<\/a>\r\n\r\n\t\t\t\t\t\t\t\t\t\t\t<\/li>\t\t\t\t\t\t\t\t\t\t\r\n\t\t\t\t\t\t\t\t\t\t\t\r\n\t\t\t\t\t\t\t\t\t\t\t\t\t\t\t\t\t\t\t\t\t<\/ul>\r\n\t\t\t\t\t\t\t\t\t\t\t\t\t\t\t\r\n\t\t\t\t\t\t\t\t\r\n\t\t\t\t\t\t\t\t\t\t\t\t\t\t\t\t\t<h2 class=\"title\"><a href=\"https:\/\/xrem.it\/it\/vuoi-sapere-chi-ha-letto-la-tua-newsletter\/\" title=\"Vuoi sapere chi ha letto la tua newsletter?\">Vuoi sapere chi ha letto la tua newsletter?<\/a><\/h2>\r\n\t\t\t\t\t\t\t\t\r\n\t\t\t\t\t\t\t\t\t\t\t\t\t\t\t\t\t\t\t\t\t\t\t\r\n\t\t\t\t\t\t\t\t\r\n\t\t\t\t\t\t\t\t\t\t\t\t\t\t\t\t\t<div class=\"content-post\">Massimizza l'Efficienza del Tuo Marketing con le Nuove Funzionalit\u00e0 di Monitoraggio di XREM! L'invio di una newsletter rappresenta un momento di significativa importanza commerciale. Quando invii un'email ai tuoi potenziali&hellip;<\/div>\r\n\t\t\t\t\t\t\t\t\t\t\t\t\t\t\t\t\r\n\t\t\t\t\t\t\t\t\t\t\t\t\t\t\t\t\t<div class=\"tf-button-container \">\r\n\t\t\t\t\t\t\t\t\t\t<a href=\"https:\/\/xrem.it\/it\/vuoi-sapere-chi-ha-letto-la-tua-newsletter\/\" class=\"tf-button bt_icon_after\">\r\n\t\t\t\t\t\t\t\t\t\t\tContinua a leggere<i class=\"fas fa-angle-double-right\" aria-hidden=\"true\"><\/i> \r\n\t\t\t\t\t\t\t\t\t\t<\/a>\r\n\t\t\t\t\t\t\t\t\t<\/div>\r\n\t\t\t\t\t\t\t\t\t\t\t\t\t\t\r\n\t\t\t\t\t\t\t<\/div>\r\n\t\t\t\t\t\t\t\t\t\t\t\t\t\r\n\t\t\t\t\t<\/div>\r\n\t\t\t\t<\/div>\r\n\t\t\t\t\t\t\t\t<div class=\"column\">\r\n\t\t\t\t\t<div class=\"entry blog-post\">\r\n\t\t\t\t\t\t\t\t\t\t\t\t\t\t<div class=\"featured-post\">\r\n\t\t\t\t\t\t\t\t\t<img decoding=\"async\" src=\"https:\/\/i0.wp.com\/xrem.it\/it\/wp-content\/uploads\/2023\/11\/xrem-e-domeo.jpg?fit=855%2C867&ssl=1\" alt=\"image\">\t\t\t\t\t\t\t\t\t\t\t\t\t\t\t\t\t\t<a href=\"https:\/\/xrem.it\/it\/domeo-xrem\/\" class=\"overlay\">\r\n\t\t\t\t\t\t\t\t\t\t<i class=\"\" aria-hidden=\"true\"><\/i>\t\t\t\t\t\t\t\t\t<\/a>\r\n\t\t\t\t\t\t\t\t\t\t\t\t\t\t\t\t\t\t\r\n\t\t\t\t\t\t\t\t<\/div>\r\n\t\t\t\t\t\t\t\t\t\t\t\t\t\t<div class=\"content\">\r\n\t\t\t\t\t\t\t\t\t\t\t\t\t\t\t\t\t\t\t\t\t\t\t\t\t\t\t<ul class=\"post-meta\">\r\n\t\t\t\t\t\t\t\t\t\t\t\r\n\t\t\t\t\t\t\t\t\t\t\t\t\t\t\t\t\t\t\t\t\t\t<li class=\"post-category\"><a href=\"https:\/\/xrem.it\/it\/category\/suggerimenti-e-trucchi\/\" rel=\"category tag\">Suggerimenti e trucchi<\/a><\/li>\r\n\t\t\t\t\t\t\t\t\t\t\t\r\n\t\t\t\t\t\t\t\t\t\t\t\t\t\t\t\t\t\t\t\t\t\t<li class=\"post-date\">\r\n\t\t\t\t\t\t\t\t\t\t\t\t\t\t\t\t\t\t\t\t\t\t\t\t\t\t\t\t\t\t\t\t\t\t\t\t<a href=\"https:\/\/xrem.it\/it\/2023\/11\/09\/\">Novembre 9, 2023<\/a>\r\n\r\n\t\t\t\t\t\t\t\t\t\t\t<\/li>\t\t\t\t\t\t\t\t\t\t\r\n\t\t\t\t\t\t\t\t\t\t\t\r\n\t\t\t\t\t\t\t\t\t\t\t\t\t\t\t\t\t\t\t\t\t<\/ul>\r\n\t\t\t\t\t\t\t\t\t\t\t\t\t\t\t\r\n\t\t\t\t\t\t\t\t\r\n\t\t\t\t\t\t\t\t\t\t\t\t\t\t\t\t\t<h2 class=\"title\"><a href=\"https:\/\/xrem.it\/it\/domeo-xrem\/\" title=\"Domeo &#038; XREM\">Domeo &#038; XREM<\/a><\/h2>\r\n\t\t\t\t\t\t\t\t\r\n\t\t\t\t\t\t\t\t\t\t\t\t\t\t\t\t\t\t\t\t\t\t\t\r\n\t\t\t\t\t\t\t\t\r\n\t\t\t\t\t\t\t\t\t\t\t\t\t\t\t\t\t<div class=\"content-post\">Vogliamo presentarti una soluzione che rende la tua gestione degli affitti immobiliari pi\u00f9 semplice ed efficiente! Sappiamo, infatti, quanto sia importante per te avere servizi che aiutino a fidelizzare i&hellip;<\/div>\r\n\t\t\t\t\t\t\t\t\t\t\t\t\t\t\t\t\r\n\t\t\t\t\t\t\t\t\t\t\t\t\t\t\t\t\t<div class=\"tf-button-container \">\r\n\t\t\t\t\t\t\t\t\t\t<a href=\"https:\/\/xrem.it\/it\/domeo-xrem\/\" class=\"tf-button bt_icon_after\">\r\n\t\t\t\t\t\t\t\t\t\t\tContinua a leggere<i class=\"fas fa-angle-double-right\" aria-hidden=\"true\"><\/i> \r\n\t\t\t\t\t\t\t\t\t\t<\/a>\r\n\t\t\t\t\t\t\t\t\t<\/div>\r\n\t\t\t\t\t\t\t\t\t\t\t\t\t\t\r\n\t\t\t\t\t\t\t<\/div>\r\n\t\t\t\t\t\t\t\t\t\t\t\t\t\r\n\t\t\t\t\t<\/div>\r\n\t\t\t\t<\/div>\r\n\t\t\t\t\t\t\t\t<div class=\"column\">\r\n\t\t\t\t\t<div class=\"entry blog-post\">\r\n\t\t\t\t\t\t\t\t\t\t\t\t\t\t<div class=\"featured-post\">\r\n\t\t\t\t\t\t\t\t\t<img decoding=\"async\" src=\"https:\/\/i0.wp.com\/xrem.it\/it\/wp-content\/uploads\/2023\/10\/grafici-home-xrem-1.jpg?fit=1024%2C994&ssl=1\" alt=\"image\">\t\t\t\t\t\t\t\t\t\t\t\t\t\t\t\t\t\t<a href=\"https:\/\/xrem.it\/it\/nuove-funzionalita-per-un-accesso-veloce-e-informazioni-essenziali-scopri-la-nuova-homepage-di-xrem\/\" class=\"overlay\">\r\n\t\t\t\t\t\t\t\t\t\t<i class=\"\" aria-hidden=\"true\"><\/i>\t\t\t\t\t\t\t\t\t<\/a>\r\n\t\t\t\t\t\t\t\t\t\t\t\t\t\t\t\t\t\t\r\n\t\t\t\t\t\t\t\t<\/div>\r\n\t\t\t\t\t\t\t\t\t\t\t\t\t\t<div class=\"content\">\r\n\t\t\t\t\t\t\t\t\t\t\t\t\t\t\t\t\t\t\t\t\t\t\t\t\t\t\t<ul class=\"post-meta\">\r\n\t\t\t\t\t\t\t\t\t\t\t\r\n\t\t\t\t\t\t\t\t\t\t\t\t\t\t\t\t\t\t\t\t\t\t<li class=\"post-category\"><a href=\"https:\/\/xrem.it\/it\/category\/gestionale-immobiliare\/\" rel=\"category tag\">Gestionale immobiliare<\/a>, <a href=\"https:\/\/xrem.it\/it\/category\/nuove-funzionalita\/\" rel=\"category tag\">Nuove funzionalit\u00e0<\/a><\/li>\r\n\t\t\t\t\t\t\t\t\t\t\t\r\n\t\t\t\t\t\t\t\t\t\t\t\t\t\t\t\t\t\t\t\t\t\t<li class=\"post-date\">\r\n\t\t\t\t\t\t\t\t\t\t\t\t\t\t\t\t\t\t\t\t\t\t\t\t\t\t\t\t\t\t\t\t\t\t\t\t<a href=\"https:\/\/xrem.it\/it\/2023\/10\/17\/\">Ottobre 17, 2023<\/a>\r\n\r\n\t\t\t\t\t\t\t\t\t\t\t<\/li>\t\t\t\t\t\t\t\t\t\t\r\n\t\t\t\t\t\t\t\t\t\t\t\r\n\t\t\t\t\t\t\t\t\t\t\t\t\t\t\t\t\t\t\t\t\t<\/ul>\r\n\t\t\t\t\t\t\t\t\t\t\t\t\t\t\t\r\n\t\t\t\t\t\t\t\t\r\n\t\t\t\t\t\t\t\t\t\t\t\t\t\t\t\t\t<h2 class=\"title\"><a href=\"https:\/\/xrem.it\/it\/nuove-funzionalita-per-un-accesso-veloce-e-informazioni-essenziali-scopri-la-nuova-homepage-di-xrem\/\" title=\"Nuove Funzionalit\u00e0 per un Accesso Veloce alle informazioni Essenziali: Scopri la Nuova HOMEPAGE di XREM!\">Nuove Funzionalit\u00e0 per un Accesso Veloce alle informazioni Essenziali: Scopri la Nuova HOMEPAGE di XREM!<\/a><\/h2>\r\n\t\t\t\t\t\t\t\t\r\n\t\t\t\t\t\t\t\t\t\t\t\t\t\t\t\t\t\t\t\t\t\t\t\r\n\t\t\t\t\t\t\t\t\r\n\t\t\t\t\t\t\t\t\t\t\t\t\t\t\t\t\t<div class=\"content-post\">Il mondo immobiliare \u00e8 dinamico, e un accesso rapido alle informazioni \u00e8 essenziale per il successo di ogni agente immobiliare. Siamo entusiasti di presentare le due nuove funzionalit\u00e0 sulla nostra&hellip;<\/div>\r\n\t\t\t\t\t\t\t\t\t\t\t\t\t\t\t\t\r\n\t\t\t\t\t\t\t\t\t\t\t\t\t\t\t\t\t<div class=\"tf-button-container \">\r\n\t\t\t\t\t\t\t\t\t\t<a href=\"https:\/\/xrem.it\/it\/nuove-funzionalita-per-un-accesso-veloce-e-informazioni-essenziali-scopri-la-nuova-homepage-di-xrem\/\" class=\"tf-button bt_icon_after\">\r\n\t\t\t\t\t\t\t\t\t\t\tContinua a leggere<i class=\"fas fa-angle-double-right\" aria-hidden=\"true\"><\/i> \r\n\t\t\t\t\t\t\t\t\t\t<\/a>\r\n\t\t\t\t\t\t\t\t\t<\/div>\r\n\t\t\t\t\t\t\t\t\t\t\t\t\t\t\r\n\t\t\t\t\t\t\t<\/div>\r\n\t\t\t\t\t\t\t\t\t\t\t\t\t\r\n\t\t\t\t\t<\/div>\r\n\t\t\t\t<\/div>\r\n\t\t\t\t\t\t\t\t\t\t\t<\/div>\r\n\r\n\t\t\t\t\t\t<nav class=\"navigation navigation-numeric-link\" role=\"navigation\">\r\n\t\t\t\t<div class=\"pagination loop-pagination center\">\r\n\t\t\t\t<span aria-current=\"page\" class=\"page-numbers current\">1<\/span>\n<a class=\"page-numbers\" href=\"https:\/\/xrem.it\/it\/wp-json\/wp\/v2\/pages\/4252\/page\/2\/\">2<\/a>\n<a class=\"page-numbers\" href=\"https:\/\/xrem.it\/it\/wp-json\/wp\/v2\/pages\/4353\/page\/3\/\">3<\/a>\n<span class=\"page-numbers dots\">&hellip;<\/span>\n<a class=\"page-numbers\" href=\"https:\/\/xrem.it\/it\/wp-json\/wp\/v2\/pages\/4858\/page\/8\/\">8<\/a>\n<a class=\"next page-numbers\" href=\"https:\/\/xrem.it\/it\/wp-json\/wp\/v2\/pages\/4252\/page\/2\/\"><i class=\"fas fa-angle-right\"><\/i><\/a>\t\t\t\t<\/div>\r\n\t\t\t<\/nav>\r\n\t\t\t\t\t<\/div>\r\n\r\n\t\t\t\t<\/div>\n\t\t\t\t<\/div>\n\t\t\t\t\t<\/div>\n\t\t<\/div>\n\t\t\t\t\t<\/div>\n\t\t<\/section>\n\t\t\t\t\t<\/div>\n\t\t<\/div>\n\t\t\t\t\t<\/div>\n\t\t<\/section>\n\t\t\t\t<section class=\"elementor-section elementor-top-section elementor-element elementor-element-ef84753 elementor-section-boxed elementor-section-height-default elementor-section-height-default\" data-id=\"ef84753\" data-element_type=\"section\" data-settings=\"{&quot;background_background&quot;:&quot;classic&quot;}\">\n\t\t\t\t\t\t<div class=\"elementor-container elementor-column-gap-no\">\n\t\t\t\t\t<div class=\"aux-parallax-section elementor-column elementor-col-100 elementor-top-column elementor-element elementor-element-329c7f0\" data-id=\"329c7f0\" data-element_type=\"column\">\n\t\t\t<div class=\"elementor-widget-wrap elementor-element-populated\">\n\t\t\t\t\t\t<div class=\"elementor-element elementor-element-3c83bf2 elementor-widget elementor-widget-spacer\" data-id=\"3c83bf2\" data-element_type=\"widget\" data-widget_type=\"spacer.default\">\n\t\t\t\t<div class=\"elementor-widget-container\">\n\t\t\t\t\t<div class=\"elementor-spacer\">\n\t\t\t<div class=\"elementor-spacer-inner\"><\/div>\n\t\t<\/div>\n\t\t\t\t<\/div>\n\t\t\t\t<\/div>\n\t\t\t\t\t<\/div>\n\t\t<\/div>\n\t\t\t\t\t<\/div>\n\t\t<\/section>\n\t\t\t\t<\/div>\n\t\t","protected":false},"excerpt":{"rendered":"<p>Blog gestionale immobiliare XREM Marketing, Suggerimenti e trucchi Giugno 29, 2022 Come richiedere recensioni su Facebook e Google Richiedere ai propri clienti\u00a0 recensioni pubbliche \u00e8 molto importante.Le recensioni sono spesso l&#8217;ago della bilancia che porta un potenziale cliente a scegliere una o l&#8217;altra agenzia. I sistemi pi\u00f9 utilizzati&hellip; Continua a leggere Gestionale immobiliare, Marketing Giugno [&hellip;]<\/p>\n","protected":false},"author":1,"featured_media":0,"parent":0,"menu_order":0,"comment_status":"closed","ping_status":"closed","template":"templates\/page-builder-content.php","meta":{"footnotes":""},"class_list":["post-4858","page","type-page","status-publish","hentry"],"yoast_head":"<!-- This site is optimized with the Yoast SEO plugin v23.4 - https:\/\/yoast.com\/wordpress\/plugins\/seo\/ -->\n<title>Blog gestionale immobiliare - Gestionale immobiliare XREM<\/title>\n<meta name=\"robots\" content=\"index, follow, max-snippet:-1, max-image-preview:large, max-video-preview:-1\" \/>\n<link rel=\"canonical\" href=\"https:\/\/xrem.it\/it\/blog-gestionale-immobiliare\/\" \/>\n<meta property=\"og:locale\" content=\"it_IT\" \/>\n<meta property=\"og:type\" content=\"article\" \/>\n<meta property=\"og:title\" content=\"Blog gestionale immobiliare - Gestionale immobiliare XREM\" \/>\n<meta property=\"og:description\" content=\"Blog gestionale immobiliare XREM Marketing, Suggerimenti e trucchi Giugno 29, 2022 Come richiedere recensioni su Facebook e Google Richiedere ai propri clienti\u00a0 recensioni pubbliche \u00e8 molto importante.Le recensioni sono spesso l&#8217;ago della bilancia che porta un potenziale cliente a scegliere una o l&#8217;altra agenzia. I sistemi pi\u00f9 utilizzati&hellip; Continua a leggere Gestionale immobiliare, Marketing Giugno [&hellip;]\" \/>\n<meta property=\"og:url\" content=\"https:\/\/xrem.it\/it\/blog-gestionale-immobiliare\/\" \/>\n<meta property=\"og:site_name\" content=\"Gestionale immobiliare XREM\" \/>\n<meta property=\"article:publisher\" content=\"https:\/\/www.facebook.com\/xrem.gestionale.immobiliare\" \/>\n<meta property=\"article:modified_time\" content=\"2023-03-03T20:05:18+00:00\" \/>\n<meta property=\"og:image\" content=\"https:\/\/xrem.it\/it\/wp-content\/uploads\/2022\/06\/positivereview-1024x853.jpg\" \/>\n<meta name=\"twitter:card\" content=\"summary_large_image\" \/>\n<meta name=\"twitter:label1\" content=\"Tempo di lettura stimato\" \/>\n\t<meta name=\"twitter:data1\" content=\"2 minuti\" \/>\n<script type=\"application\/ld+json\" class=\"yoast-schema-graph\">{\"@context\":\"https:\/\/schema.org\",\"@graph\":[{\"@type\":\"WebPage\",\"@id\":\"https:\/\/xrem.it\/it\/blog-gestionale-immobiliare\/\",\"url\":\"https:\/\/xrem.it\/it\/blog-gestionale-immobiliare\/\",\"name\":\"Blog gestionale immobiliare - Gestionale immobiliare XREM\",\"isPartOf\":{\"@id\":\"https:\/\/xrem.it\/it\/#website\"},\"primaryImageOfPage\":{\"@id\":\"https:\/\/xrem.it\/it\/blog-gestionale-immobiliare\/#primaryimage\"},\"image\":{\"@id\":\"https:\/\/xrem.it\/it\/blog-gestionale-immobiliare\/#primaryimage\"},\"thumbnailUrl\":\"https:\/\/xrem.it\/it\/wp-content\/uploads\/2022\/06\/positivereview-1024x853.jpg\",\"datePublished\":\"2022-11-11T11:07:43+00:00\",\"dateModified\":\"2023-03-03T20:05:18+00:00\",\"breadcrumb\":{\"@id\":\"https:\/\/xrem.it\/it\/blog-gestionale-immobiliare\/#breadcrumb\"},\"inLanguage\":\"it-IT\",\"potentialAction\":[{\"@type\":\"ReadAction\",\"target\":[\"https:\/\/xrem.it\/it\/blog-gestionale-immobiliare\/\"]}]},{\"@type\":\"ImageObject\",\"inLanguage\":\"it-IT\",\"@id\":\"https:\/\/xrem.it\/it\/blog-gestionale-immobiliare\/#primaryimage\",\"url\":\"https:\/\/i0.wp.com\/xrem.it\/it\/wp-content\/uploads\/2022\/06\/positivereview.jpg?fit=1280%2C853&ssl=1\",\"contentUrl\":\"https:\/\/i0.wp.com\/xrem.it\/it\/wp-content\/uploads\/2022\/06\/positivereview.jpg?fit=1280%2C853&ssl=1\",\"width\":1280,\"height\":853,\"caption\":\"Come richiedere recensioni Facebook e Google\"},{\"@type\":\"BreadcrumbList\",\"@id\":\"https:\/\/xrem.it\/it\/blog-gestionale-immobiliare\/#breadcrumb\",\"itemListElement\":[{\"@type\":\"ListItem\",\"position\":1,\"name\":\"Home\",\"item\":\"https:\/\/xrem.it\/it\/\"},{\"@type\":\"ListItem\",\"position\":2,\"name\":\"Blog gestionale immobiliare\"}]},{\"@type\":\"WebSite\",\"@id\":\"https:\/\/xrem.it\/it\/#website\",\"url\":\"https:\/\/xrem.it\/it\/\",\"name\":\"Gestionale immobiliare XREM\",\"description\":\"Gestione e Marketing per agenzie immobiliari\",\"publisher\":{\"@id\":\"https:\/\/xrem.it\/it\/#organization\"},\"potentialAction\":[{\"@type\":\"SearchAction\",\"target\":{\"@type\":\"EntryPoint\",\"urlTemplate\":\"https:\/\/xrem.it\/it\/?s={search_term_string}\"},\"query-input\":{\"@type\":\"PropertyValueSpecification\",\"valueRequired\":true,\"valueName\":\"search_term_string\"}}],\"inLanguage\":\"it-IT\"},{\"@type\":\"Organization\",\"@id\":\"https:\/\/xrem.it\/it\/#organization\",\"name\":\"Gestionale immobiliare XREM\",\"url\":\"https:\/\/xrem.it\/it\/\",\"logo\":{\"@type\":\"ImageObject\",\"inLanguage\":\"it-IT\",\"@id\":\"https:\/\/xrem.it\/it\/#\/schema\/logo\/image\/\",\"url\":\"https:\/\/xrem.it\/it\/wp-content\/uploads\/2022\/04\/logoXREM-300.png\",\"contentUrl\":\"https:\/\/xrem.it\/it\/wp-content\/uploads\/2022\/04\/logoXREM-300.png\",\"width\":300,\"height\":98,\"caption\":\"Gestionale immobiliare XREM\"},\"image\":{\"@id\":\"https:\/\/xrem.it\/it\/#\/schema\/logo\/image\/\"},\"sameAs\":[\"https:\/\/www.facebook.com\/xrem.gestionale.immobiliare\",\"https:\/\/www.youtube.com\/channel\/UCGJjYPuruLAkCeww90gE14A\"]}]}<\/script>\n<!-- \/ Yoast SEO plugin. -->","yoast_head_json":{"title":"Blog gestionale immobiliare - Gestionale immobiliare XREM","robots":{"index":"index","follow":"follow","max-snippet":"max-snippet:-1","max-image-preview":"max-image-preview:large","max-video-preview":"max-video-preview:-1"},"canonical":"https:\/\/xrem.it\/it\/blog-gestionale-immobiliare\/","og_locale":"it_IT","og_type":"article","og_title":"Blog gestionale immobiliare - Gestionale immobiliare XREM","og_description":"Blog gestionale immobiliare XREM Marketing, Suggerimenti e trucchi Giugno 29, 2022 Come richiedere recensioni su Facebook e Google Richiedere ai propri clienti\u00a0 recensioni pubbliche \u00e8 molto importante.Le recensioni sono spesso l&#8217;ago della bilancia che porta un potenziale cliente a scegliere una o l&#8217;altra agenzia. I sistemi pi\u00f9 utilizzati&hellip; Continua a leggere Gestionale immobiliare, Marketing Giugno [&hellip;]","og_url":"https:\/\/xrem.it\/it\/blog-gestionale-immobiliare\/","og_site_name":"Gestionale immobiliare XREM","article_publisher":"https:\/\/www.facebook.com\/xrem.gestionale.immobiliare","article_modified_time":"2023-03-03T20:05:18+00:00","og_image":[{"url":"https:\/\/xrem.it\/it\/wp-content\/uploads\/2022\/06\/positivereview-1024x853.jpg"}],"twitter_card":"summary_large_image","twitter_misc":{"Tempo di lettura stimato":"2 minuti"},"schema":{"@context":"https:\/\/schema.org","@graph":[{"@type":"WebPage","@id":"https:\/\/xrem.it\/it\/blog-gestionale-immobiliare\/","url":"https:\/\/xrem.it\/it\/blog-gestionale-immobiliare\/","name":"Blog gestionale immobiliare - Gestionale immobiliare XREM","isPartOf":{"@id":"https:\/\/xrem.it\/it\/#website"},"primaryImageOfPage":{"@id":"https:\/\/xrem.it\/it\/blog-gestionale-immobiliare\/#primaryimage"},"image":{"@id":"https:\/\/xrem.it\/it\/blog-gestionale-immobiliare\/#primaryimage"},"thumbnailUrl":"https:\/\/xrem.it\/it\/wp-content\/uploads\/2022\/06\/positivereview-1024x853.jpg","datePublished":"2022-11-11T11:07:43+00:00","dateModified":"2023-03-03T20:05:18+00:00","breadcrumb":{"@id":"https:\/\/xrem.it\/it\/blog-gestionale-immobiliare\/#breadcrumb"},"inLanguage":"it-IT","potentialAction":[{"@type":"ReadAction","target":["https:\/\/xrem.it\/it\/blog-gestionale-immobiliare\/"]}]},{"@type":"ImageObject","inLanguage":"it-IT","@id":"https:\/\/xrem.it\/it\/blog-gestionale-immobiliare\/#primaryimage","url":"https:\/\/i0.wp.com\/xrem.it\/it\/wp-content\/uploads\/2022\/06\/positivereview.jpg?fit=1280%2C853&ssl=1","contentUrl":"https:\/\/i0.wp.com\/xrem.it\/it\/wp-content\/uploads\/2022\/06\/positivereview.jpg?fit=1280%2C853&ssl=1","width":1280,"height":853,"caption":"Come richiedere recensioni Facebook e Google"},{"@type":"BreadcrumbList","@id":"https:\/\/xrem.it\/it\/blog-gestionale-immobiliare\/#breadcrumb","itemListElement":[{"@type":"ListItem","position":1,"name":"Home","item":"https:\/\/xrem.it\/it\/"},{"@type":"ListItem","position":2,"name":"Blog gestionale immobiliare"}]},{"@type":"WebSite","@id":"https:\/\/xrem.it\/it\/#website","url":"https:\/\/xrem.it\/it\/","name":"Gestionale immobiliare XREM","description":"Gestione e Marketing per agenzie immobiliari","publisher":{"@id":"https:\/\/xrem.it\/it\/#organization"},"potentialAction":[{"@type":"SearchAction","target":{"@type":"EntryPoint","urlTemplate":"https:\/\/xrem.it\/it\/?s={search_term_string}"},"query-input":{"@type":"PropertyValueSpecification","valueRequired":true,"valueName":"search_term_string"}}],"inLanguage":"it-IT"},{"@type":"Organization","@id":"https:\/\/xrem.it\/it\/#organization","name":"Gestionale immobiliare XREM","url":"https:\/\/xrem.it\/it\/","logo":{"@type":"ImageObject","inLanguage":"it-IT","@id":"https:\/\/xrem.it\/it\/#\/schema\/logo\/image\/","url":"https:\/\/xrem.it\/it\/wp-content\/uploads\/2022\/04\/logoXREM-300.png","contentUrl":"https:\/\/xrem.it\/it\/wp-content\/uploads\/2022\/04\/logoXREM-300.png","width":300,"height":98,"caption":"Gestionale immobiliare XREM"},"image":{"@id":"https:\/\/xrem.it\/it\/#\/schema\/logo\/image\/"},"sameAs":["https:\/\/www.facebook.com\/xrem.gestionale.immobiliare","https:\/\/www.youtube.com\/channel\/UCGJjYPuruLAkCeww90gE14A"]}]}},"jetpack_sharing_enabled":true,"_links":{"self":[{"href":"https:\/\/xrem.it\/it\/wp-json\/wp\/v2\/pages\/4858","targetHints":{"allow":["GET"]}}],"collection":[{"href":"https:\/\/xrem.it\/it\/wp-json\/wp\/v2\/pages"}],"about":[{"href":"https:\/\/xrem.it\/it\/wp-json\/wp\/v2\/types\/page"}],"author":[{"embeddable":true,"href":"https:\/\/xrem.it\/it\/wp-json\/wp\/v2\/users\/1"}],"replies":[{"embeddable":true,"href":"https:\/\/xrem.it\/it\/wp-json\/wp\/v2\/comments?post=4858"}],"version-history":[{"count":16,"href":"https:\/\/xrem.it\/it\/wp-json\/wp\/v2\/pages\/4858\/revisions"}],"predecessor-version":[{"id":4879,"href":"https:\/\/xrem.it\/it\/wp-json\/wp\/v2\/pages\/4858\/revisions\/4879"}],"wp:attachment":[{"href":"https:\/\/xrem.it\/it\/wp-json\/wp\/v2\/media?parent=4858"}],"curies":[{"name":"wp","href":"https:\/\/api.w.org\/{rel}","templated":true}]}}