{"id":5464,"date":"2023-02-03T21:20:54","date_gmt":"2023-02-03T20:20:54","guid":{"rendered":"https:\/\/xrem.it\/it\/?post_type=product&#038;p=5464"},"modified":"2023-11-21T09:15:29","modified_gmt":"2023-11-21T08:15:29","slug":"copywriting-per-annunci-immobiliari","status":"publish","type":"product","link":"https:\/\/xrem.it\/it\/prodotto\/copywriting-per-annunci-immobiliari\/","title":{"rendered":"Copywriting per annunci immobiliari (10 testi)"},"content":{"rendered":"<div class=\"flex flex-grow flex-col gap-3\">\n<div class=\"min-h-[20px] flex flex-col items-start gap-4 whitespace-pre-wrap\">\n<div class=\"markdown prose w-full break-words dark:prose-invert light\">\n<p>Il copywriting \u00e8 un elemento fondamentale per ogni attivit\u00e0 di marketing, soprattutto quando si tratta di annunci immobiliari. I testi devono essere accattivanti e in grado di catturare l&#8217;attenzione del potenziale acquirente in un attimo, trasmettendo l&#8217;essenza e le caratteristiche uniche dell&#8217;immobile. Per questo motivo, avere un servizio di copywriting esperto pu\u00f2 fare la differenza nel raggiungimento dei tuoi obiettivi di vendita.<\/p>\n<p>Il copywriting per gli annunci immobiliari richiede una conoscenza approfondita del settore e una comprensione delle esigenze e delle aspettative dei potenziali acquirenti. Un buon testo immobiliare deve essere in grado di descrivere l&#8217;immobile in modo dettagliato e attraente, evidenziando le sue caratteristiche uniche e le sue qualit\u00e0. Deve anche creare un&#8217;emozione e una connessione con il potenziale acquirente, in modo che sia pi\u00f9 incline a prendere in considerazione l&#8217;acquisto.<\/p>\n<p>Il nostro servizio di copywriting esperto \u00e8 qui per aiutarti a raggiungere questi obiettivi. Il nostro team di copywriter altamente qualificati ha anni di esperienza nel settore immobiliare e conosce perfettamente le dinamiche e le sfide del mercato. Siamo in grado di creare testi accattivanti e personalizzati che siano in grado di evidenziare le caratteristiche uniche del tuo immobile e di attirare l&#8217;attenzione dei potenziali acquirenti.<\/p>\n<p>Inoltre, il nostro <strong>servizio di copywriting<\/strong> \u00e8 progettato per adattarsi alle tue esigenze specifiche. Ti offriamo la flessibilit\u00e0 di scegliere il tono e lo stile del tuo testo, in modo che si adatti perfettamente al tuo marchio e alla tua attivit\u00e0. Inoltre, operiamo rapidamente, fornendoti il contenuto il giorno lavorativo successivo a quello della richiesta.<\/p>\n<p>In sintesi, se desideri <strong>ottenere testi immobiliari di alta qualit\u00e0<\/strong> che possano aiutare a vendere i tuoi immobili, il nostro servizio di copywriting esperto \u00e8 la soluzione che fa per te. Non esitare a contattarci per scoprire come possiamo aiutarti a raggiungere i tuoi obiettivi di vendita.<\/p>\n<\/div>\n<\/div>\n<\/div>\n","protected":false},"excerpt":{"rendered":"<p>Come funziona: tu ci fornisci una descrizione concisa ed essenziale dell&#8217;immobile, noi ti svilupperemo un testo di alta qualit\u00e0.<\/p>\n<p><a href=\"https:\/\/xrem.it\/it\/copywriting-professionale-come-puo-aumentare-le-possibilita-di-vendita-del-tuo-immobile\/\">Clicca qui per vedere un esempio<\/a><\/p>\n","protected":false},"featured_media":5465,"template":"","meta":[],"product_cat":[117,127],"product_tag":[],"class_list":{"0":"post-5464","1":"product","2":"type-product","3":"status-publish","4":"has-post-thumbnail","6":"product_cat-consulenza-marketing","7":"product_cat-prodotti-per-agenzia-immobiliare","9":"first","10":"instock","11":"virtual","12":"taxable","13":"purchasable","14":"product-type-simple"},"yoast_head":"<!-- This site is optimized with the Yoast SEO plugin v23.4 - https:\/\/yoast.com\/wordpress\/plugins\/seo\/ -->\n<title>Copywriting per annunci immobiliari (10 testi) - Gestionale immobiliare XREM<\/title>\n<meta name=\"description\" content=\"Servizio di copywriting esperto per annunci immobiliari - Creiamo testi accattivanti e personalizzati per i tuoi annunci. Scopri come possiamo aiutarti.\" \/>\n<meta name=\"robots\" content=\"index, follow, max-snippet:-1, max-image-preview:large, max-video-preview:-1\" \/>\n<link rel=\"canonical\" href=\"https:\/\/xrem.it\/it\/prodotto\/copywriting-per-annunci-immobiliari\/\" \/>\n<meta property=\"og:locale\" content=\"it_IT\" \/>\n<meta property=\"og:type\" content=\"article\" \/>\n<meta property=\"og:title\" content=\"Copywriting per annunci immobiliari (10 testi) - Gestionale immobiliare XREM\" \/>\n<meta property=\"og:description\" content=\"Servizio di copywriting esperto per annunci immobiliari - Creiamo testi accattivanti e personalizzati per i tuoi annunci. Scopri come possiamo aiutarti.\" \/>\n<meta property=\"og:url\" content=\"https:\/\/xrem.it\/it\/prodotto\/copywriting-per-annunci-immobiliari\/\" \/>\n<meta property=\"og:site_name\" content=\"Gestionale immobiliare XREM\" \/>\n<meta property=\"article:publisher\" content=\"https:\/\/www.facebook.com\/xrem.gestionale.immobiliare\" \/>\n<meta property=\"article:modified_time\" content=\"2023-11-21T08:15:29+00:00\" \/>\n<meta property=\"og:image\" content=\"https:\/\/xrem.it\/it\/wp-content\/uploads\/2023\/02\/xrem-servizio-copwriting.webp\" \/>\n\t<meta property=\"og:image:width\" content=\"1280\" \/>\n\t<meta property=\"og:image:height\" content=\"853\" \/>\n\t<meta property=\"og:image:type\" content=\"image\/webp\" \/>\n<meta name=\"twitter:card\" content=\"summary_large_image\" \/>\n<meta name=\"twitter:label1\" content=\"Tempo di lettura stimato\" \/>\n\t<meta name=\"twitter:data1\" content=\"2 minuti\" \/>\n<script type=\"application\/ld+json\" class=\"yoast-schema-graph\">{\"@context\":\"https:\/\/schema.org\",\"@graph\":[{\"@type\":\"WebPage\",\"@id\":\"https:\/\/xrem.it\/it\/prodotto\/copywriting-per-annunci-immobiliari\/\",\"url\":\"https:\/\/xrem.it\/it\/prodotto\/copywriting-per-annunci-immobiliari\/\",\"name\":\"Copywriting per annunci immobiliari (10 testi) - Gestionale immobiliare XREM\",\"isPartOf\":{\"@id\":\"https:\/\/xrem.it\/it\/#website\"},\"primaryImageOfPage\":{\"@id\":\"https:\/\/xrem.it\/it\/prodotto\/copywriting-per-annunci-immobiliari\/#primaryimage\"},\"image\":{\"@id\":\"https:\/\/xrem.it\/it\/prodotto\/copywriting-per-annunci-immobiliari\/#primaryimage\"},\"thumbnailUrl\":\"https:\/\/i0.wp.com\/xrem.it\/it\/wp-content\/uploads\/2023\/02\/xrem-servizio-copwriting.webp?fit=1280%2C853&ssl=1\",\"datePublished\":\"2023-02-03T20:20:54+00:00\",\"dateModified\":\"2023-11-21T08:15:29+00:00\",\"description\":\"Servizio di copywriting esperto per annunci immobiliari - Creiamo testi accattivanti e personalizzati per i tuoi annunci. Scopri come possiamo aiutarti.\",\"breadcrumb\":{\"@id\":\"https:\/\/xrem.it\/it\/prodotto\/copywriting-per-annunci-immobiliari\/#breadcrumb\"},\"inLanguage\":\"it-IT\",\"potentialAction\":[{\"@type\":\"ReadAction\",\"target\":[\"https:\/\/xrem.it\/it\/prodotto\/copywriting-per-annunci-immobiliari\/\"]}]},{\"@type\":\"ImageObject\",\"inLanguage\":\"it-IT\",\"@id\":\"https:\/\/xrem.it\/it\/prodotto\/copywriting-per-annunci-immobiliari\/#primaryimage\",\"url\":\"https:\/\/i0.wp.com\/xrem.it\/it\/wp-content\/uploads\/2023\/02\/xrem-servizio-copwriting.webp?fit=1280%2C853&ssl=1\",\"contentUrl\":\"https:\/\/i0.wp.com\/xrem.it\/it\/wp-content\/uploads\/2023\/02\/xrem-servizio-copwriting.webp?fit=1280%2C853&ssl=1\",\"width\":1280,\"height\":853,\"caption\":\"xrem-servizio-copwriting\"},{\"@type\":\"BreadcrumbList\",\"@id\":\"https:\/\/xrem.it\/it\/prodotto\/copywriting-per-annunci-immobiliari\/#breadcrumb\",\"itemListElement\":[{\"@type\":\"ListItem\",\"position\":1,\"name\":\"Home\",\"item\":\"https:\/\/xrem.it\/it\/\"},{\"@type\":\"ListItem\",\"position\":2,\"name\":\"Prodotti\",\"item\":\"https:\/\/xrem.it\/it\/shop\/\"},{\"@type\":\"ListItem\",\"position\":3,\"name\":\"Copywriting per annunci immobiliari (10 testi)\"}]},{\"@type\":\"WebSite\",\"@id\":\"https:\/\/xrem.it\/it\/#website\",\"url\":\"https:\/\/xrem.it\/it\/\",\"name\":\"Gestionale immobiliare XREM\",\"description\":\"Gestione e Marketing per agenzie immobiliari\",\"publisher\":{\"@id\":\"https:\/\/xrem.it\/it\/#organization\"},\"potentialAction\":[{\"@type\":\"SearchAction\",\"target\":{\"@type\":\"EntryPoint\",\"urlTemplate\":\"https:\/\/xrem.it\/it\/?s={search_term_string}\"},\"query-input\":{\"@type\":\"PropertyValueSpecification\",\"valueRequired\":true,\"valueName\":\"search_term_string\"}}],\"inLanguage\":\"it-IT\"},{\"@type\":\"Organization\",\"@id\":\"https:\/\/xrem.it\/it\/#organization\",\"name\":\"Gestionale immobiliare XREM\",\"url\":\"https:\/\/xrem.it\/it\/\",\"logo\":{\"@type\":\"ImageObject\",\"inLanguage\":\"it-IT\",\"@id\":\"https:\/\/xrem.it\/it\/#\/schema\/logo\/image\/\",\"url\":\"https:\/\/xrem.it\/it\/wp-content\/uploads\/2022\/04\/logoXREM-300.png\",\"contentUrl\":\"https:\/\/xrem.it\/it\/wp-content\/uploads\/2022\/04\/logoXREM-300.png\",\"width\":300,\"height\":98,\"caption\":\"Gestionale immobiliare XREM\"},\"image\":{\"@id\":\"https:\/\/xrem.it\/it\/#\/schema\/logo\/image\/\"},\"sameAs\":[\"https:\/\/www.facebook.com\/xrem.gestionale.immobiliare\",\"https:\/\/www.youtube.com\/channel\/UCGJjYPuruLAkCeww90gE14A\"]}]}<\/script>\n<!-- \/ Yoast SEO plugin. -->","yoast_head_json":{"title":"Copywriting per annunci immobiliari (10 testi) - Gestionale immobiliare XREM","description":"Servizio di copywriting esperto per annunci immobiliari - Creiamo testi accattivanti e personalizzati per i tuoi annunci. Scopri come possiamo aiutarti.","robots":{"index":"index","follow":"follow","max-snippet":"max-snippet:-1","max-image-preview":"max-image-preview:large","max-video-preview":"max-video-preview:-1"},"canonical":"https:\/\/xrem.it\/it\/prodotto\/copywriting-per-annunci-immobiliari\/","og_locale":"it_IT","og_type":"article","og_title":"Copywriting per annunci immobiliari (10 testi) - Gestionale immobiliare XREM","og_description":"Servizio di copywriting esperto per annunci immobiliari - Creiamo testi accattivanti e personalizzati per i tuoi annunci. Scopri come possiamo aiutarti.","og_url":"https:\/\/xrem.it\/it\/prodotto\/copywriting-per-annunci-immobiliari\/","og_site_name":"Gestionale immobiliare XREM","article_publisher":"https:\/\/www.facebook.com\/xrem.gestionale.immobiliare","article_modified_time":"2023-11-21T08:15:29+00:00","og_image":[{"width":1280,"height":853,"url":"https:\/\/xrem.it\/it\/wp-content\/uploads\/2023\/02\/xrem-servizio-copwriting.webp","type":"image\/webp"}],"twitter_card":"summary_large_image","twitter_misc":{"Tempo di lettura stimato":"2 minuti"},"schema":{"@context":"https:\/\/schema.org","@graph":[{"@type":"WebPage","@id":"https:\/\/xrem.it\/it\/prodotto\/copywriting-per-annunci-immobiliari\/","url":"https:\/\/xrem.it\/it\/prodotto\/copywriting-per-annunci-immobiliari\/","name":"Copywriting per annunci immobiliari (10 testi) - Gestionale immobiliare XREM","isPartOf":{"@id":"https:\/\/xrem.it\/it\/#website"},"primaryImageOfPage":{"@id":"https:\/\/xrem.it\/it\/prodotto\/copywriting-per-annunci-immobiliari\/#primaryimage"},"image":{"@id":"https:\/\/xrem.it\/it\/prodotto\/copywriting-per-annunci-immobiliari\/#primaryimage"},"thumbnailUrl":"https:\/\/i0.wp.com\/xrem.it\/it\/wp-content\/uploads\/2023\/02\/xrem-servizio-copwriting.webp?fit=1280%2C853&ssl=1","datePublished":"2023-02-03T20:20:54+00:00","dateModified":"2023-11-21T08:15:29+00:00","description":"Servizio di copywriting esperto per annunci immobiliari - Creiamo testi accattivanti e personalizzati per i tuoi annunci. Scopri come possiamo aiutarti.","breadcrumb":{"@id":"https:\/\/xrem.it\/it\/prodotto\/copywriting-per-annunci-immobiliari\/#breadcrumb"},"inLanguage":"it-IT","potentialAction":[{"@type":"ReadAction","target":["https:\/\/xrem.it\/it\/prodotto\/copywriting-per-annunci-immobiliari\/"]}]},{"@type":"ImageObject","inLanguage":"it-IT","@id":"https:\/\/xrem.it\/it\/prodotto\/copywriting-per-annunci-immobiliari\/#primaryimage","url":"https:\/\/i0.wp.com\/xrem.it\/it\/wp-content\/uploads\/2023\/02\/xrem-servizio-copwriting.webp?fit=1280%2C853&ssl=1","contentUrl":"https:\/\/i0.wp.com\/xrem.it\/it\/wp-content\/uploads\/2023\/02\/xrem-servizio-copwriting.webp?fit=1280%2C853&ssl=1","width":1280,"height":853,"caption":"xrem-servizio-copwriting"},{"@type":"BreadcrumbList","@id":"https:\/\/xrem.it\/it\/prodotto\/copywriting-per-annunci-immobiliari\/#breadcrumb","itemListElement":[{"@type":"ListItem","position":1,"name":"Home","item":"https:\/\/xrem.it\/it\/"},{"@type":"ListItem","position":2,"name":"Prodotti","item":"https:\/\/xrem.it\/it\/shop\/"},{"@type":"ListItem","position":3,"name":"Copywriting per annunci immobiliari (10 testi)"}]},{"@type":"WebSite","@id":"https:\/\/xrem.it\/it\/#website","url":"https:\/\/xrem.it\/it\/","name":"Gestionale immobiliare XREM","description":"Gestione e Marketing per agenzie immobiliari","publisher":{"@id":"https:\/\/xrem.it\/it\/#organization"},"potentialAction":[{"@type":"SearchAction","target":{"@type":"EntryPoint","urlTemplate":"https:\/\/xrem.it\/it\/?s={search_term_string}"},"query-input":{"@type":"PropertyValueSpecification","valueRequired":true,"valueName":"search_term_string"}}],"inLanguage":"it-IT"},{"@type":"Organization","@id":"https:\/\/xrem.it\/it\/#organization","name":"Gestionale immobiliare XREM","url":"https:\/\/xrem.it\/it\/","logo":{"@type":"ImageObject","inLanguage":"it-IT","@id":"https:\/\/xrem.it\/it\/#\/schema\/logo\/image\/","url":"https:\/\/xrem.it\/it\/wp-content\/uploads\/2022\/04\/logoXREM-300.png","contentUrl":"https:\/\/xrem.it\/it\/wp-content\/uploads\/2022\/04\/logoXREM-300.png","width":300,"height":98,"caption":"Gestionale immobiliare XREM"},"image":{"@id":"https:\/\/xrem.it\/it\/#\/schema\/logo\/image\/"},"sameAs":["https:\/\/www.facebook.com\/xrem.gestionale.immobiliare","https:\/\/www.youtube.com\/channel\/UCGJjYPuruLAkCeww90gE14A"]}]}},"jetpack_sharing_enabled":true,"_links":{"self":[{"href":"https:\/\/xrem.it\/it\/wp-json\/wp\/v2\/product\/5464","targetHints":{"allow":["GET"]}}],"collection":[{"href":"https:\/\/xrem.it\/it\/wp-json\/wp\/v2\/product"}],"about":[{"href":"https:\/\/xrem.it\/it\/wp-json\/wp\/v2\/types\/product"}],"wp:featuredmedia":[{"embeddable":true,"href":"https:\/\/xrem.it\/it\/wp-json\/wp\/v2\/media\/5465"}],"wp:attachment":[{"href":"https:\/\/xrem.it\/it\/wp-json\/wp\/v2\/media?parent=5464"}],"wp:term":[{"taxonomy":"product_cat","embeddable":true,"href":"https:\/\/xrem.it\/it\/wp-json\/wp\/v2\/product_cat?post=5464"},{"taxonomy":"product_tag","embeddable":true,"href":"https:\/\/xrem.it\/it\/wp-json\/wp\/v2\/product_tag?post=5464"}],"curies":[{"name":"wp","href":"https:\/\/api.w.org\/{rel}","templated":true}]}}